{"id":3503,"date":"2023-05-26T17:46:44","date_gmt":"2023-05-26T17:46:44","guid":{"rendered":"https:\/\/modifuturecars.es\/?page_id=3503"},"modified":"2023-06-01T19:17:48","modified_gmt":"2023-06-01T19:17:48","slug":"instalaciones","status":"publish","type":"page","link":"https:\/\/modifuturecars.es\/index.php\/instalaciones\/","title":{"rendered":"Instalaciones"},"content":{"rendered":"\t\t<div data-elementor-type=\"wp-page\" data-elementor-id=\"3503\" class=\"elementor elementor-3503\" data-elementor-post-type=\"page\">\n\t\t\t\t\t\t<section class=\"elementor-section elementor-top-section elementor-element elementor-element-d83867b elementor-section-boxed elementor-section-height-default elementor-section-height-default\" data-id=\"d83867b\" data-element_type=\"section\" data-e-type=\"section\" data-settings=\"{&quot;jet_parallax_layout_list&quot;:[]}\">\n\t\t\t\t\t\t<div class=\"elementor-container elementor-column-gap-default\">\n\t\t\t\t\t<div class=\"elementor-column elementor-col-100 elementor-top-column elementor-element elementor-element-2d60d89\" data-id=\"2d60d89\" data-element_type=\"column\" data-e-type=\"column\">\n\t\t\t<div class=\"elementor-widget-wrap elementor-element-populated\">\n\t\t\t\t\t\t<div class=\"elementor-element elementor-element-aa32934 elementor-grid-3 elementor-grid-tablet-2 elementor-grid-mobile-1 elementor-posts--thumbnail-top elementor-widget elementor-widget-posts\" data-id=\"aa32934\" data-element_type=\"widget\" data-e-type=\"widget\" data-settings=\"{&quot;classic_columns&quot;:&quot;3&quot;,&quot;classic_columns_tablet&quot;:&quot;2&quot;,&quot;classic_columns_mobile&quot;:&quot;1&quot;,&quot;classic_row_gap&quot;:{&quot;unit&quot;:&quot;px&quot;,&quot;size&quot;:35,&quot;sizes&quot;:[]},&quot;classic_row_gap_tablet&quot;:{&quot;unit&quot;:&quot;px&quot;,&quot;size&quot;:&quot;&quot;,&quot;sizes&quot;:[]},&quot;classic_row_gap_mobile&quot;:{&quot;unit&quot;:&quot;px&quot;,&quot;size&quot;:&quot;&quot;,&quot;sizes&quot;:[]}}\" data-widget_type=\"posts.classic\">\n\t\t\t\t<div class=\"elementor-widget-container\">\n\t\t\t\t\t\t\t<div class=\"elementor-posts-container elementor-posts elementor-posts--skin-classic elementor-grid\" role=\"list\">\n\t\t\t\t<article class=\"elementor-post elementor-grid-item post-3592 post type-post status-publish format-standard has-post-thumbnail hentry category-instalaciones\" role=\"listitem\">\n\t\t\t\t<a class=\"elementor-post__thumbnail__link\" href=\"https:\/\/modifuturecars.es\/index.php\/2023\/05\/29\/etapas-y-altavoces\/\" tabindex=\"-1\" >\n\t\t\t<div class=\"elementor-post__thumbnail\"><img fetchpriority=\"high\" decoding=\"async\" width=\"768\" height=\"1024\" src=\"https:\/\/modifuturecars.es\/wp-content\/uploads\/2023\/05\/SECCION_6__05-768x1024.jpg\" class=\"attachment-medium_large size-medium_large wp-image-3598\" alt=\"\" srcset=\"https:\/\/modifuturecars.es\/wp-content\/uploads\/2023\/05\/SECCION_6__05-768x1024.jpg 768w, https:\/\/modifuturecars.es\/wp-content\/uploads\/2023\/05\/SECCION_6__05-225x300.jpg 225w, https:\/\/modifuturecars.es\/wp-content\/uploads\/2023\/05\/SECCION_6__05.jpg 900w\" sizes=\"(max-width: 768px) 100vw, 768px\" \/><\/div>\n\t\t<\/a>\n\t\t\t\t<div class=\"elementor-post__text\">\n\t\t\t\t<h3 class=\"elementor-post__title\">\n\t\t\t<a href=\"https:\/\/modifuturecars.es\/index.php\/2023\/05\/29\/etapas-y-altavoces\/\" >\n\t\t\t\tEtapas y altavoces\t\t\t<\/a>\n\t\t<\/h3>\n\t\t\t\t<div class=\"elementor-post__excerpt\">\n\t\t\t<p>La reparaci\u00f3n de tu etapa, es muy f\u00e1cil y sencilla en Modifuturecars, nos haces llegas tu equipo y nosotros generamos un diagnostico para la soluci\u00f3n<\/p>\n\t\t<\/div>\n\t\t\n\t\t<a class=\"elementor-post__read-more\" href=\"https:\/\/modifuturecars.es\/index.php\/2023\/05\/29\/etapas-y-altavoces\/\" aria-label=\"M\u00e1s informaci\u00f3n sobre Etapas y altavoces\" tabindex=\"-1\" >\n\t\t\tLeer m\u00e1s \u00bb\t\t<\/a>\n\n\t\t\t\t<\/div>\n\t\t\t\t<\/article>\n\t\t\t\t<article class=\"elementor-post elementor-grid-item post-3584 post type-post status-publish format-standard has-post-thumbnail hentry category-instalaciones\" role=\"listitem\">\n\t\t\t\t<a class=\"elementor-post__thumbnail__link\" href=\"https:\/\/modifuturecars.es\/index.php\/2023\/05\/29\/sistemas-de-seguridad\/\" tabindex=\"-1\" >\n\t\t\t<div class=\"elementor-post__thumbnail\"><img decoding=\"async\" width=\"768\" height=\"1024\" src=\"https:\/\/modifuturecars.es\/wp-content\/uploads\/2023\/05\/SECCION_5_003-768x1024.jpg\" class=\"attachment-medium_large size-medium_large wp-image-3587\" alt=\"\" srcset=\"https:\/\/modifuturecars.es\/wp-content\/uploads\/2023\/05\/SECCION_5_003-768x1024.jpg 768w, https:\/\/modifuturecars.es\/wp-content\/uploads\/2023\/05\/SECCION_5_003-225x300.jpg 225w, https:\/\/modifuturecars.es\/wp-content\/uploads\/2023\/05\/SECCION_5_003.jpg 900w\" sizes=\"(max-width: 768px) 100vw, 768px\" \/><\/div>\n\t\t<\/a>\n\t\t\t\t<div class=\"elementor-post__text\">\n\t\t\t\t<h3 class=\"elementor-post__title\">\n\t\t\t<a href=\"https:\/\/modifuturecars.es\/index.php\/2023\/05\/29\/sistemas-de-seguridad\/\" >\n\t\t\t\tSistemas de Seguridad\t\t\t<\/a>\n\t\t<\/h3>\n\t\t\t\t<div class=\"elementor-post__excerpt\">\n\t\t\t<p>Alarmas Protege tu coche con un sistema de alarma donde contaras con las ventajas de abrir y cerrar desde un mando de distancia de 500<\/p>\n\t\t<\/div>\n\t\t\n\t\t<a class=\"elementor-post__read-more\" href=\"https:\/\/modifuturecars.es\/index.php\/2023\/05\/29\/sistemas-de-seguridad\/\" aria-label=\"M\u00e1s informaci\u00f3n sobre Sistemas de Seguridad\" tabindex=\"-1\" >\n\t\t\tLeer m\u00e1s \u00bb\t\t<\/a>\n\n\t\t\t\t<\/div>\n\t\t\t\t<\/article>\n\t\t\t\t<article class=\"elementor-post elementor-grid-item post-3561 post type-post status-publish format-standard has-post-thumbnail hentry category-instalaciones\" role=\"listitem\">\n\t\t\t\t<a class=\"elementor-post__thumbnail__link\" href=\"https:\/\/modifuturecars.es\/index.php\/2023\/05\/29\/radiopantallas\/\" tabindex=\"-1\" >\n\t\t\t<div class=\"elementor-post__thumbnail\"><img decoding=\"async\" width=\"768\" height=\"1024\" src=\"https:\/\/modifuturecars.es\/wp-content\/uploads\/2023\/05\/SECCION_04_DESPUES_02-768x1024.jpg\" class=\"attachment-medium_large size-medium_large wp-image-3572\" alt=\"\" srcset=\"https:\/\/modifuturecars.es\/wp-content\/uploads\/2023\/05\/SECCION_04_DESPUES_02-768x1024.jpg 768w, https:\/\/modifuturecars.es\/wp-content\/uploads\/2023\/05\/SECCION_04_DESPUES_02-225x300.jpg 225w, https:\/\/modifuturecars.es\/wp-content\/uploads\/2023\/05\/SECCION_04_DESPUES_02.jpg 900w\" sizes=\"(max-width: 768px) 100vw, 768px\" \/><\/div>\n\t\t<\/a>\n\t\t\t\t<div class=\"elementor-post__text\">\n\t\t\t\t<h3 class=\"elementor-post__title\">\n\t\t\t<a href=\"https:\/\/modifuturecars.es\/index.php\/2023\/05\/29\/radiopantallas\/\" >\n\t\t\t\tRadiopantallas\t\t\t<\/a>\n\t\t<\/h3>\n\t\t\t\t<div class=\"elementor-post__excerpt\">\n\t\t\t<p>Instalaci\u00f3n de radio pantallas en todos los modelos de coche, que proporcionan una transformaci\u00f3n en el salpicadero y genera un confort al momento de conducir<\/p>\n\t\t<\/div>\n\t\t\n\t\t<a class=\"elementor-post__read-more\" href=\"https:\/\/modifuturecars.es\/index.php\/2023\/05\/29\/radiopantallas\/\" aria-label=\"M\u00e1s informaci\u00f3n sobre Radiopantallas\" tabindex=\"-1\" >\n\t\t\tLeer m\u00e1s \u00bb\t\t<\/a>\n\n\t\t\t\t<\/div>\n\t\t\t\t<\/article>\n\t\t\t\t<\/div>\n\t\t\n\t\t\t\t\t\t<\/div>\n\t\t\t\t<\/div>\n\t\t\t\t\t<\/div>\n\t\t<\/div>\n\t\t\t\t\t<\/div>\n\t\t<\/section>\n\t\t\t\t<\/div>\n\t\t","protected":false},"excerpt":{"rendered":"","protected":false},"author":3,"featured_media":0,"parent":0,"menu_order":0,"comment_status":"closed","ping_status":"closed","template":"","meta":{"footnotes":""},"class_list":["post-3503","page","type-page","status-publish","hentry"],"_links":{"self":[{"href":"https:\/\/modifuturecars.es\/index.php\/wp-json\/wp\/v2\/pages\/3503","targetHints":{"allow":["GET"]}}],"collection":[{"href":"https:\/\/modifuturecars.es\/index.php\/wp-json\/wp\/v2\/pages"}],"about":[{"href":"https:\/\/modifuturecars.es\/index.php\/wp-json\/wp\/v2\/types\/page"}],"author":[{"embeddable":true,"href":"https:\/\/modifuturecars.es\/index.php\/wp-json\/wp\/v2\/users\/3"}],"replies":[{"embeddable":true,"href":"https:\/\/modifuturecars.es\/index.php\/wp-json\/wp\/v2\/comments?post=3503"}],"version-history":[{"count":13,"href":"https:\/\/modifuturecars.es\/index.php\/wp-json\/wp\/v2\/pages\/3503\/revisions"}],"predecessor-version":[{"id":3690,"href":"https:\/\/modifuturecars.es\/index.php\/wp-json\/wp\/v2\/pages\/3503\/revisions\/3690"}],"wp:attachment":[{"href":"https:\/\/modifuturecars.es\/index.php\/wp-json\/wp\/v2\/media?parent=3503"}],"curies":[{"name":"wp","href":"https:\/\/api.w.org\/{rel}","templated":true}]}}