{"id":3496,"date":"2023-05-26T17:36:32","date_gmt":"2023-05-26T17:36:32","guid":{"rendered":"https:\/\/modifuturecars.es\/?page_id=3496"},"modified":"2023-06-01T19:07:00","modified_gmt":"2023-06-01T19:07:00","slug":"modifuturecars","status":"publish","type":"page","link":"https:\/\/modifuturecars.es\/index.php\/modifuturecars\/","title":{"rendered":"Modifuturecars"},"content":{"rendered":"\t\t<div data-elementor-type=\"wp-page\" data-elementor-id=\"3496\" class=\"elementor elementor-3496\" data-elementor-post-type=\"page\">\n\t\t\t\t\t\t<section class=\"elementor-section elementor-top-section elementor-element elementor-element-5ea4d35 elementor-section-boxed elementor-section-height-default elementor-section-height-default\" data-id=\"5ea4d35\" data-element_type=\"section\" data-e-type=\"section\" data-settings=\"{&quot;jet_parallax_layout_list&quot;:[]}\">\n\t\t\t\t\t\t<div class=\"elementor-container elementor-column-gap-default\">\n\t\t\t\t\t<div class=\"elementor-column elementor-col-50 elementor-top-column elementor-element elementor-element-da121f2\" data-id=\"da121f2\" data-element_type=\"column\" data-e-type=\"column\">\n\t\t\t<div class=\"elementor-widget-wrap elementor-element-populated\">\n\t\t\t\t\t\t<div class=\"elementor-element elementor-element-9a3c88b elementor-widget elementor-widget-text-editor\" data-id=\"9a3c88b\" data-element_type=\"widget\" data-e-type=\"widget\" data-widget_type=\"text-editor.default\">\n\t\t\t\t<div class=\"elementor-widget-container\">\n\t\t\t\t\t\t\t\t\t<p>Somos l\u00edderes en Espa\u00f1a en modificaci\u00f3n e instalaci\u00f3n de veh\u00edculos. Con 10 a\u00f1os de experiencia, ofrecemos soluciones personalizadas que superan expectativas. Especializados en elevalunas, radios de pantalla y sistemas de cierre centralizado, garantizamos calidad en cada proyecto. Nuestro equipo capacitado se enfoca en la excelencia y la satisfacci\u00f3n del cliente. Trabajamos con productos de calidad y marcas reconocidas para resultados duraderos. Nos enorgullece construir relaciones duraderas y superar expectativas. Si buscas una empresa confiable, contacta con nosotros. Haremos realidad tus ideas y mejorar\u00e1s tu experiencia de conducci\u00f3n. \u00a1Haz de tu veh\u00edculo algo \u00fanico y personalizado!<\/p>\t\t\t\t\t\t\t\t<\/div>\n\t\t\t\t<\/div>\n\t\t\t\t\t<\/div>\n\t\t<\/div>\n\t\t\t\t<div class=\"elementor-column elementor-col-50 elementor-top-column elementor-element elementor-element-bb9efae\" data-id=\"bb9efae\" data-element_type=\"column\" data-e-type=\"column\">\n\t\t\t<div class=\"elementor-widget-wrap elementor-element-populated\">\n\t\t\t\t\t\t<div class=\"elementor-element elementor-element-6038616 elementor-widget elementor-widget-image\" data-id=\"6038616\" data-element_type=\"widget\" data-e-type=\"widget\" data-widget_type=\"image.default\">\n\t\t\t\t<div class=\"elementor-widget-container\">\n\t\t\t\t\t\t\t\t\t\t\t\t\t\t\t<img fetchpriority=\"high\" decoding=\"async\" width=\"768\" height=\"1024\" src=\"https:\/\/modifuturecars.es\/wp-content\/uploads\/2023\/06\/SECCION_5_002-768x1024.jpg\" class=\"attachment-large size-large wp-image-3669\" alt=\"\" srcset=\"https:\/\/modifuturecars.es\/wp-content\/uploads\/2023\/06\/SECCION_5_002-768x1024.jpg 768w, https:\/\/modifuturecars.es\/wp-content\/uploads\/2023\/06\/SECCION_5_002-225x300.jpg 225w, https:\/\/modifuturecars.es\/wp-content\/uploads\/2023\/06\/SECCION_5_002.jpg 900w\" sizes=\"(max-width: 768px) 100vw, 768px\" \/>\t\t\t\t\t\t\t\t\t\t\t\t\t\t\t<\/div>\n\t\t\t\t<\/div>\n\t\t\t\t\t<\/div>\n\t\t<\/div>\n\t\t\t\t\t<\/div>\n\t\t<\/section>\n\t\t\t\t<\/div>\n\t\t","protected":false},"excerpt":{"rendered":"<p>Somos l\u00edderes en Espa\u00f1a en modificaci\u00f3n e instalaci\u00f3n de veh\u00edculos. Con 10 a\u00f1os de experiencia, ofrecemos soluciones personalizadas que superan expectativas. Especializados en elevalunas, radios de pantalla y sistemas de cierre centralizado, garantizamos calidad en cada proyecto. Nuestro equipo capacitado se enfoca en la excelencia y la satisfacci\u00f3n del cliente. Trabajamos con productos de calidad [&hellip;]<\/p>\n","protected":false},"author":3,"featured_media":0,"parent":0,"menu_order":0,"comment_status":"closed","ping_status":"closed","template":"","meta":{"footnotes":""},"class_list":["post-3496","page","type-page","status-publish","hentry"],"_links":{"self":[{"href":"https:\/\/modifuturecars.es\/index.php\/wp-json\/wp\/v2\/pages\/3496","targetHints":{"allow":["GET"]}}],"collection":[{"href":"https:\/\/modifuturecars.es\/index.php\/wp-json\/wp\/v2\/pages"}],"about":[{"href":"https:\/\/modifuturecars.es\/index.php\/wp-json\/wp\/v2\/types\/page"}],"author":[{"embeddable":true,"href":"https:\/\/modifuturecars.es\/index.php\/wp-json\/wp\/v2\/users\/3"}],"replies":[{"embeddable":true,"href":"https:\/\/modifuturecars.es\/index.php\/wp-json\/wp\/v2\/comments?post=3496"}],"version-history":[{"count":16,"href":"https:\/\/modifuturecars.es\/index.php\/wp-json\/wp\/v2\/pages\/3496\/revisions"}],"predecessor-version":[{"id":3680,"href":"https:\/\/modifuturecars.es\/index.php\/wp-json\/wp\/v2\/pages\/3496\/revisions\/3680"}],"wp:attachment":[{"href":"https:\/\/modifuturecars.es\/index.php\/wp-json\/wp\/v2\/media?parent=3496"}],"curies":[{"name":"wp","href":"https:\/\/api.w.org\/{rel}","templated":true}]}}